{"id":40,"date":"2020-12-08T09:30:17","date_gmt":"2020-12-08T09:30:17","guid":{"rendered":"https:\/\/demo.cmssuperheroes.com\/themeforest\/solatec\/?page_id=40"},"modified":"2024-01-31T15:50:49","modified_gmt":"2024-01-31T15:50:49","slug":"lavora-con-noi","status":"publish","type":"page","link":"https:\/\/combitechitalia.com\/de\/lavora-con-noi\/","title":{"rendered":"Arbeiten Sie mit uns"},"content":{"rendered":"<div data-elementor-type=\"wp-page\" data-elementor-id=\"40\" class=\"elementor elementor-40\">\n\t\t\t\t        <section class=\"elementor-section elementor-top-section elementor-element elementor-element-891160c cms-justify-content-center pb-90 elementor-section-boxed elementor-section-height-default elementor-section-height-default cms-boxed-bg-false\" data-id=\"891160c\" data-element_type=\"section\">\r\n\t\t\r\n\t\t<div class=\"cms-section-boxed-bg\"><\/div>        <div class=\"elementor-container elementor-column-gap-default\" >\r\n\t\t        <div class=\"elementor-column elementor-col-58 elementor-top-column elementor-element elementor-element-55217ce\" data-id=\"55217ce\" data-element_type=\"column\">\r\n            <div class=\"elementor-widget-wrap elementor-element-populated\">\r\n                \t\t<div class=\"elementor-element elementor-element-efe4ae6 cms-heading-layout-5 elementor-widget elementor-widget-cms_heading\" data-id=\"efe4ae6\" data-element_type=\"widget\" data-widget_type=\"cms_heading.default\">\n\t\t\t\t<div class=\"elementor-widget-container\">\n\t\t\t\r\n<div class=\"cms-heading-wrapper text-center\">\r\n            <div class=\"cms-mainheading text-16 lh-24 font-700 text-accent\">Werden Sie Teil unseres Teams<\/div>\r\n                <div class=\"cms-heading cms-subheading text-34 lh-48 pt-10\">Lassen Sie uns gemeinsam die Zukunft gestalten! <\/div>\r\n        <div class=\"cms-heading-btns row gutters-30 gutters-grid empty-none pt-40 align-items-center justify-content-center\">    <\/div>\r\n<\/div>\t\t<\/div>\n\t\t\t\t<\/div>\n\t\t            <\/div>\r\n        <\/div>\r\n                <div class=\"elementor-column elementor-col-100 elementor-top-column elementor-element elementor-element-9dc9044\" data-id=\"9dc9044\" data-element_type=\"column\">\r\n            <div class=\"elementor-widget-wrap elementor-element-populated\">\r\n                \t\t<div class=\"elementor-element elementor-element-69faf76 cms-cf7-layout-3 elementor-widget elementor-widget-cms_ctf7\" data-id=\"69faf76\" data-element_type=\"widget\" data-widget_type=\"cms_ctf7.default\">\n\t\t\t\t<div class=\"elementor-widget-container\">\n\t\t\t    <div id=\"cms_ctf7-69faf76\" class=\"cms-cf7\">\r\n        <div class=\"cms-cf7-inner\">            <div class=\"pt-20\">\n<div class=\"wpcf7 no-js\" id=\"wpcf7-f5523-o1\" lang=\"it-IT\" dir=\"ltr\" data-wpcf7-id=\"5523\">\n<div class=\"screen-reader-response\"><p role=\"status\" aria-live=\"polite\" aria-atomic=\"true\"><\/p> <ul><\/ul><\/div>\n<form action=\"\/de\/wp-json\/wp\/v2\/pages\/40#wpcf7-f5523-o1\" method=\"post\" class=\"wpcf7-form init\" aria-label=\"Kontakt Formular\" enctype=\"multipart\/form-data\" novalidate=\"novalidate\" data-status=\"init\" data-trp-original-action=\"\/de\/wp-json\/wp\/v2\/pages\/40#wpcf7-f5523-o1\">\n<fieldset class=\"hidden-fields-container\"><input type=\"hidden\" name=\"_wpcf7\" value=\"5523\" \/><input type=\"hidden\" name=\"_wpcf7_version\" value=\"6.1.5\" \/><input type=\"hidden\" name=\"_wpcf7_locale\" value=\"it_IT\" \/><input type=\"hidden\" name=\"_wpcf7_unit_tag\" value=\"wpcf7-f5523-o1\" \/><input type=\"hidden\" name=\"_wpcf7_container_post\" value=\"0\" \/><input type=\"hidden\" name=\"_wpcf7_posted_data_hash\" value=\"\" \/>\n<\/fieldset>\n<div class=\"content-column one_half\">\n\t<p><span class=\"wpcf7-form-control-wrap\" data-name=\"your-name\"><input size=\"40\" maxlength=\"400\" class=\"wpcf7-form-control wpcf7-text wpcf7-validates-as-required\" aria-required=\"true\" aria-invalid=\"false\" placeholder=\"Vorname*\" value=\"\" type=\"text\" name=\"your-name\" \/><\/span>\n\t<\/p>\n<\/div>\n<div class=\"content-column one_half last_column\">\n\t<p><span class=\"wpcf7-form-control-wrap\" data-name=\"cognome\"><input size=\"40\" maxlength=\"400\" class=\"wpcf7-form-control wpcf7-text wpcf7-validates-as-required\" aria-required=\"true\" aria-invalid=\"false\" placeholder=\"Nachname*\" value=\"\" type=\"text\" name=\"cognome\" \/><\/span>\n\t<\/p>\n<\/div>\n<div class=\"content-column one_half\">\n\t<p><span class=\"wpcf7-form-control-wrap\" data-name=\"your-email\"><input size=\"40\" maxlength=\"400\" class=\"wpcf7-form-control wpcf7-email wpcf7-validates-as-required wpcf7-text wpcf7-validates-as-email\" aria-required=\"true\" aria-invalid=\"false\" placeholder=\"Email*\" value=\"\" type=\"email\" name=\"your-email\" \/><\/span>\n\t<\/p>\n<\/div>\n<div class=\"content-column one_half last_column\">\n\t<p><span class=\"wpcf7-form-control-wrap\" data-name=\"services\"><select class=\"wpcf7-form-control wpcf7-select wpcf7-validates-as-required\" aria-required=\"true\" aria-invalid=\"false\" name=\"services\"><option value=\"\">Angestrebte T\u00e4tigkeit*<\/option><option value=\"Amministrazione\/Contabilit\u00e0\">Verwaltung\/Buchhaltung<\/option><option value=\"Backoffice\/Supporto Tecnico\">Backoffice\/Technischer Support<\/option><option value=\"Marketing\/Comunicazione\">Marketing-Kommunikation<\/option><option value=\"Project Manager\">Projektmanager<\/option><option value=\"Risorse Umane\">Personalwesen<\/option><option value=\"Sicurezza\/Qualit\u00e0\/Ambiente\">Sicherheit\/Qualit\u00e4t\/Umwelt<\/option><option value=\"Ufficio Tecnico\">Technisches B\u00fcro<\/option><option value=\"Altro\">Andere<\/option><\/select><\/span>\n\t<\/p>\n<\/div>\n<div class=\"full_width\">\n\t<p><span class=\"wpcf7-form-control-wrap\" data-name=\"your-message\"><textarea cols=\"40\" rows=\"10\" maxlength=\"2000\" class=\"wpcf7-form-control wpcf7-textarea\" aria-invalid=\"false\" placeholder=\"Nachricht\" name=\"your-message\"><\/textarea><\/span>\n\t<\/p>\n<\/div>\n<div class=\"full_width\">\n\t<p>F\u00fcgen Sie Ihren Lebenslauf bei*<br \/>\n<span class=\"wpcf7-form-control-wrap\" data-name=\"file-265\"><input size=\"40\" class=\"wpcf7-form-control wpcf7-file wpcf7-validates-as-required fileuploadfield\" id=\"fileuploadfield\" accept=\".pdf,.doc,.docx\" aria-required=\"true\" aria-invalid=\"false\" type=\"file\" name=\"file-265\" \/><\/span><input type=\"button\" id=\"uploadbrowsebutton\" value=\"Daten hochladen\" \/><span class=\"wpcf7-form-control-wrap\" data-name=\"uploadtextfield\"><input size=\"40\" maxlength=\"400\" class=\"wpcf7-form-control wpcf7-text uploadtextfield\" id=\"uploadtextfield\" aria-invalid=\"false\" value=\"\" type=\"text\" name=\"uploadtextfield\" \/><\/span>\n\t<\/p>\n<\/div>\n<div class=\"full_width\">\n\t<p><span class=\"wpcf7-form-control-wrap\" data-name=\"acceptance-283\"><span class=\"wpcf7-form-control wpcf7-acceptance\"><span class=\"wpcf7-list-item\"><label class=\"translation-block\"><span class=\"cms-custom-checkbox\"><span class=\"cms-checkmark\"><\/span><\/span> <span class=\"wpcf7-list-item-label\">Ich best\u00e4tige, dass ich <a href=\"https:\/\/combitechitalia.com\/de\/privacy-policy\/\" target=\"_blank\">die Datenschutzrichtlinie<\/a> gelesen habe und der Verarbeitung meiner personenbezogenen Daten gem\u00e4\u00df der Gesetzesverordnung zustimme. 196 vom 30. Juni 2003.<\/span><\/label><\/span><\/span><\/span>\n\t<\/p>\n<\/div>\n<div class=\"full_width\">\n\t<p><button class=\"wpcf7-form-control wpcf7-submit btn btn-primary btn-lg\" type=\"submit\"><span class=\"cms-btn-content\"><span class=\"wpcf7-submit-icon cms-btn-icon cmsi-arrow-circle-right rtl-flip\"><\/span><span class=\"cms-btn-text\">Bewerbung senden<\/span><\/span><\/button>\n\t<\/p>\n<\/div><p style=\"display: none !important;\" class=\"akismet-fields-container\" data-prefix=\"_wpcf7_ak_\"><label>\u0394<textarea name=\"_wpcf7_ak_hp_textarea\" cols=\"45\" rows=\"8\" maxlength=\"100\"><\/textarea><\/label><input type=\"hidden\" id=\"ak_js_1\" name=\"_wpcf7_ak_js\" value=\"17\"\/><script>\ndocument.getElementById( \"ak_js_1\" ).setAttribute( \"value\", ( new Date() ).getTime() );\n<\/script>\n<\/p><div class=\"wpcf7-response-output\" aria-hidden=\"true\"><\/div>\n<input type=\"hidden\" name=\"trp-form-language\" value=\"de\"\/><\/form>\n<\/div>\n<\/div>\r\n        <\/div>\r\n    <\/div>\r\n\t\t<\/div>\n\t\t\t\t<\/div>\n\t\t            <\/div>\r\n        <\/div>\r\n        \t\t\t<\/div>\r\n\t\t<\/section>\r\n\t\t\t\t<\/div>","protected":false},"excerpt":{"rendered":"<p>Werden Sie Teil unseres Teams. Lassen Sie uns gemeinsam die Zukunft gestalten! Gew\u00fcnschte Position*Verwaltung\/BuchhaltungBackoffice\/Technischer SupportMarketing\/KommunikationProjektmanagerPersonalSicherheit\/Qualit\u00e4t\/UmweltTechnisches B\u00fcroSonstiges F\u00fcgen Sie Ihren Lebenslauf bei* Ich best\u00e4tige, dass ich die Datenschutzrichtlinie gelesen habe und der Verarbeitung meiner personenbezogenen Daten gem\u00e4\u00df der Gesetzesverordnung zustimme. 196 vom 30. Juni 2003. Bewerbung senden \u0394<\/p>","protected":false},"author":1,"featured_media":0,"parent":0,"menu_order":11,"comment_status":"closed","ping_status":"closed","template":"","meta":{"pagelayer_contact_templates":[],"_pagelayer_content":"","footnotes":"","_links_to":"","_links_to_target":""},"class_list":["post-40","page","type-page","status-publish","hentry","cms-has-post-thumbnail"],"_links":{"self":[{"href":"https:\/\/combitechitalia.com\/de\/wp-json\/wp\/v2\/pages\/40","targetHints":{"allow":["GET"]}}],"collection":[{"href":"https:\/\/combitechitalia.com\/de\/wp-json\/wp\/v2\/pages"}],"about":[{"href":"https:\/\/combitechitalia.com\/de\/wp-json\/wp\/v2\/types\/page"}],"author":[{"embeddable":true,"href":"https:\/\/combitechitalia.com\/de\/wp-json\/wp\/v2\/users\/1"}],"replies":[{"embeddable":true,"href":"https:\/\/combitechitalia.com\/de\/wp-json\/wp\/v2\/comments?post=40"}],"version-history":[{"count":45,"href":"https:\/\/combitechitalia.com\/de\/wp-json\/wp\/v2\/pages\/40\/revisions"}],"predecessor-version":[{"id":7394,"href":"https:\/\/combitechitalia.com\/de\/wp-json\/wp\/v2\/pages\/40\/revisions\/7394"}],"wp:attachment":[{"href":"https:\/\/combitechitalia.com\/de\/wp-json\/wp\/v2\/media?parent=40"}],"curies":[{"name":"wp","href":"https:\/\/api.w.org\/{rel}","templated":true}]}}